{"id":9,"date":"2015-12-15T07:37:33","date_gmt":"2015-12-15T07:37:33","guid":{"rendered":"http:\/\/consulting.stylemixthemes.com\/demo\/?page_id=9"},"modified":"2023-07-24T14:23:14","modified_gmt":"2023-07-24T17:23:14","slug":"nossa-empresa","status":"publish","type":"page","link":"https:\/\/hospitalsantaluciagoiania.atomdigital.virtuaserver.com.br\/?page_id=9","title":{"rendered":"Nossa Empresa"},"content":{"rendered":"<div class=\"wpb-content-wrapper\"><p>[vc_row css=&#8221;.vc_custom_1690216033913{margin-bottom: 100px !important;}&#8221;][vc_column width=&#8221;2\/3&#8243; offset=&#8221;vc_col-lg-7 vc_col-md-9&#8243;][vc_separator][vc_column_text css=&#8221;.vc_custom_1690217387801{margin-top: 40px !important;}&#8221;]<\/p>\n<h3>Nossa empresa<\/h3>\n<p>&nbsp;<\/p>\n<p>O Hospital Santa L\u00facia foi inaugurado em 1966 e h\u00e1 45 anos \u00e9 dirigido pelo Dr. Eur\u00edpedes de Meneses e sua fam\u00edlia. Localizado na Pra\u00e7a Joaquim L\u00facio, em Campinas, desde sua funda\u00e7\u00e3o est\u00e1 situado em um dos locais mais tradicionais da cidade e j\u00e1 se tornou refer\u00eancia quando falamos em sa\u00fade no Estado de Goi\u00e1s.<\/p>\n<p>Desde 1978, o Dr. Eur\u00edpedes se dedicou a construir a hist\u00f3ria do Hospital Santa L\u00facia e liderar sua gest\u00e3o juntamente com sua esposa, Alquina. A paix\u00e3o pela sa\u00fade e o prop\u00f3sito de salvar vidas, foi herdado tamb\u00e9m por seus 4 filhos m\u00e9dicos que atendem no Hospital e participam ativamente de sua gest\u00e3o junto com outros familiares.<\/p>\n<p>Com um corpo cl\u00ednico diferenciado, s\u00e3o mais de 12 especialidades dispon\u00edveis e nos tornamos refer\u00eancia em Cirurgia, com um centro cir\u00fargico moderno equipado com aparelhos de tecnologia avan\u00e7ada.[\/vc_column_text][\/vc_column][vc_column width=&#8221;1\/3&#8243;][vc_single_image image=&#8221;1465&#8243; img_size=&#8221;500&#215;700&#8243;][vc_separator][\/vc_column][\/vc_row][vc_row][vc_column][vc_column_text]<\/p>\n<blockquote>\n<p>S\u00e3o 80 leitos, preparados para receber nossos pacientes e um time treinado e capacitado para proporcionar uma melhor experi\u00eancia.<\/p>\n<\/blockquote>\n<p>[\/vc_column_text][vc_column_text]Refor\u00e7ando nosso compromisso com a sa\u00fade, criamos uma \u00e1rea destinada \u00e0 ensino e pesquisa, nos tornando assim, um hospital escola. Parte do nosso prop\u00f3sito \u00e9 contribuir para a forma\u00e7\u00e3o e capacita\u00e7\u00e3o de novos profissionais, comprometidos com a humaniza\u00e7\u00e3o da sa\u00fade e aptos a oferecer um atendimento\u00a0de\u00a0qualidade.[\/vc_column_text][vc_row_inner][vc_column_inner width=&#8221;1\/3&#8243;][vc_custom_heading text=&#8221;Nossa Miss\u00e3o&#8221; font_container=&#8221;tag:h4|text_align:left|color:%23222222&#8243; use_theme_fonts=&#8221;yes&#8221; css=&#8221;.vc_custom_1478536481114{margin-bottom: 15px !important;}&#8221; el_class=&#8221;no_stripe&#8221;][vc_column_text]Cuidar da sa\u00fade integral dos pacientes por meio de<br \/>\nequipe qualificada, recursos tecnol\u00f3gicos, comprometimento \u00e9tico e sustentabilidade.[\/vc_column_text][\/vc_column_inner][vc_column_inner width=&#8221;1\/3&#8243;][vc_custom_heading text=&#8221;Nossa Vis\u00e3o&#8221; font_container=&#8221;tag:h4|text_align:left|color:%23222222&#8243; use_theme_fonts=&#8221;yes&#8221; css=&#8221;.vc_custom_1498771283869{margin-bottom: 15px !important;}&#8221; el_class=&#8221;no_stripe&#8221;][vc_column_text]Ser sin\u00f4nimo de qualidade no cuidado \u00e0 sa\u00fade, reconhecido pela excel\u00eancia dos servi\u00e7os prestados com responsabilidade social e ambiental.[\/vc_column_text][\/vc_column_inner][vc_column_inner width=&#8221;1\/3&#8243;][vc_custom_heading text=&#8221;Nossos Valores&#8221; font_container=&#8221;tag:h4|text_align:left|color:%23222222&#8243; use_theme_fonts=&#8221;yes&#8221; css=&#8221;.vc_custom_1498771330183{margin-bottom: 15px !important;}&#8221; el_class=&#8221;no_stripe&#8221;][vc_column_text]<\/p>\n<ul>\n<li>Comprometimento social;<\/li>\n<li>Esp\u00edrito de fam\u00edlia;<\/li>\n<li>\u00c9tica profissional;<\/li>\n<li>Colabora\u00e7\u00e3o e trabalho em equipe;<\/li>\n<li>Valoriza\u00e7\u00e3o das Pessoas;<\/li>\n<li>Melhoria cont\u00ednua;<\/li>\n<li>Respeito ao meio ambiente;<\/li>\n<li>Firmeza de prop\u00f3sito;<\/li>\n<\/ul>\n<p>[\/vc_column_text][\/vc_column_inner][\/vc_row_inner][vc_empty_space][\/vc_column][\/vc_row][vc_row][vc_column]\n<div id=\"rev_slider_2_1_wrapper\" class=\"rev_slider_wrapper fullwidthbanner-container\" data-source=\"gallery\" style=\"margin:0px auto;background:transparent;padding:0px;margin-top:0px;margin-bottom:0px;\">\n<!-- START REVOLUTION SLIDER 5.4.8.3 auto mode -->\n\t<div id=\"rev_slider_2_1\" class=\"rev_slider fullwidthabanner\" style=\"display:none;\" data-version=\"5.4.8.3\">\n<ul>\t<!-- SLIDE  -->\n\t<li data-index=\"rs-4\" data-transition=\"slidehorizontal\" data-slotamount=\"default\" data-hideafterloop=\"0\" data-hideslideonmobile=\"off\"  data-easein=\"default\" data-easeout=\"default\" data-masterspeed=\"default\"  data-thumb=\"https:\/\/hospitalsantaluciagoiania.atomdigital.virtuaserver.com.br\/wp-content\/uploads\/2023\/07\/fotos-1-scaled-100x50.jpeg\"  data-rotate=\"0\"  data-saveperformance=\"off\"  class=\"third_bg_color\" data-title=\"Slide\" data-param1=\"\" data-param2=\"\" data-param3=\"\" data-param4=\"\" data-param5=\"\" data-param6=\"\" data-param7=\"\" data-param8=\"\" data-param9=\"\" data-param10=\"\" data-description=\"\">\n\t\t<!-- MAIN IMAGE -->\n\t\t<img loading=\"lazy\" decoding=\"async\" src=\"https:\/\/hospitalsantaluciagoiania.atomdigital.virtuaserver.com.br\/wp-content\/uploads\/2023\/07\/fotos-1-scaled.jpeg\"  alt=\"\" title=\"fotos-1\"  width=\"2560\" height=\"1707\" data-bgposition=\"center center\" data-bgfit=\"cover\" data-bgrepeat=\"no-repeat\" class=\"rev-slidebg\" data-no-retina>\n\t\t<!-- LAYERS -->\n\t<\/li>\n\t<!-- SLIDE  -->\n\t<li data-index=\"rs-10\" data-transition=\"slidehorizontal\" data-slotamount=\"default\" data-hideafterloop=\"0\" data-hideslideonmobile=\"off\"  data-easein=\"default\" data-easeout=\"default\" data-masterspeed=\"default\"  data-thumb=\"https:\/\/hospitalsantaluciagoiania.atomdigital.virtuaserver.com.br\/wp-content\/uploads\/2023\/07\/fotos-14-scaled-100x50.jpeg\"  data-rotate=\"0\"  data-saveperformance=\"off\"  class=\"third_bg_color\" data-title=\"Slide\" data-param1=\"\" data-param2=\"\" data-param3=\"\" data-param4=\"\" data-param5=\"\" data-param6=\"\" data-param7=\"\" data-param8=\"\" data-param9=\"\" data-param10=\"\" data-description=\"\">\n\t\t<!-- MAIN IMAGE -->\n\t\t<img loading=\"lazy\" decoding=\"async\" src=\"https:\/\/hospitalsantaluciagoiania.atomdigital.virtuaserver.com.br\/wp-content\/uploads\/2023\/07\/fotos-14-scaled.jpeg\"  alt=\"\" title=\"fotos-14\"  width=\"2560\" height=\"1820\" data-bgposition=\"center center\" data-bgfit=\"cover\" data-bgrepeat=\"no-repeat\" class=\"rev-slidebg\" data-no-retina>\n\t\t<!-- LAYERS -->\n\t<\/li>\n\t<!-- SLIDE  -->\n\t<li data-index=\"rs-9\" data-transition=\"slidehorizontal\" data-slotamount=\"default\" data-hideafterloop=\"0\" data-hideslideonmobile=\"off\"  data-easein=\"default\" data-easeout=\"default\" data-masterspeed=\"default\"  data-thumb=\"https:\/\/hospitalsantaluciagoiania.atomdigital.virtuaserver.com.br\/wp-content\/uploads\/2023\/07\/fotos-16-scaled-100x50.jpeg\"  data-rotate=\"0\"  data-saveperformance=\"off\"  class=\"third_bg_color\" data-title=\"Slide\" data-param1=\"\" data-param2=\"\" data-param3=\"\" data-param4=\"\" data-param5=\"\" data-param6=\"\" data-param7=\"\" data-param8=\"\" data-param9=\"\" data-param10=\"\" data-description=\"\">\n\t\t<!-- MAIN IMAGE -->\n\t\t<img loading=\"lazy\" decoding=\"async\" src=\"https:\/\/hospitalsantaluciagoiania.atomdigital.virtuaserver.com.br\/wp-content\/uploads\/2023\/07\/fotos-16-scaled.jpeg\"  alt=\"\" title=\"fotos-16\"  width=\"2560\" height=\"1707\" data-bgposition=\"center center\" data-bgfit=\"cover\" data-bgrepeat=\"no-repeat\" class=\"rev-slidebg\" data-no-retina>\n\t\t<!-- LAYERS -->\n\t<\/li>\n<\/ul>\n<script>var htmlDiv = document.getElementById(\"rs-plugin-settings-inline-css\"); var htmlDivCss=\"\";\r\n\t\t\t\t\t\tif(htmlDiv) {\r\n\t\t\t\t\t\t\thtmlDiv.innerHTML = htmlDiv.innerHTML + htmlDivCss;\r\n\t\t\t\t\t\t}else{\r\n\t\t\t\t\t\t\tvar htmlDiv = document.createElement(\"div\");\r\n\t\t\t\t\t\t\thtmlDiv.innerHTML = \"<style>\" + htmlDivCss + \"<\/style>\";\r\n\t\t\t\t\t\t\tdocument.getElementsByTagName(\"head\")[0].appendChild(htmlDiv.childNodes[0]);\r\n\t\t\t\t\t\t}\r\n\t\t\t\t\t<\/script>\n<div class=\"tp-bannertimer tp-bottom\" style=\"visibility: hidden !important;\"><\/div>\t<\/div>\n<script>var htmlDiv = document.getElementById(\"rs-plugin-settings-inline-css\"); var htmlDivCss=\"\";\r\n\t\t\t\tif(htmlDiv) {\r\n\t\t\t\t\thtmlDiv.innerHTML = htmlDiv.innerHTML + htmlDivCss;\r\n\t\t\t\t}else{\r\n\t\t\t\t\tvar htmlDiv = document.createElement(\"div\");\r\n\t\t\t\t\thtmlDiv.innerHTML = \"<style>\" + htmlDivCss + \"<\/style>\";\r\n\t\t\t\t\tdocument.getElementsByTagName(\"head\")[0].appendChild(htmlDiv.childNodes[0]);\r\n\t\t\t\t}\r\n\t\t\t<\/script>\n\t\t<script type=\"text\/javascript\">\r\nif (setREVStartSize!==undefined) setREVStartSize(\r\n\t{c: '#rev_slider_2_1', gridwidth: [825], gridheight: [407], sliderLayout: 'auto'});\r\n\t\t\t\r\nvar revapi2,\r\n\ttpj;\t\r\n(function() {\t\t\t\r\n\tif (!\/loaded|interactive|complete\/.test(document.readyState)) document.addEventListener(\"DOMContentLoaded\",onLoad); else onLoad();\t\r\n\tfunction onLoad() {\t\t\t\t\r\n\t\tif (tpj===undefined) { tpj = jQuery; if(\"off\" == \"on\") tpj.noConflict();}\r\n\tif(tpj(\"#rev_slider_2_1\").revolution == undefined){\n\t\trevslider_showDoubleJqueryError(\"#rev_slider_2_1\");\n\t}else{\n\t\trevapi2 = tpj(\"#rev_slider_2_1\").show().revolution({\n\t\t\tsliderType:\"carousel\",\n\t\t\tjsFileLocation:\"\/\/hospitalsantaluciagoiania.atomdigital.virtuaserver.com.br\/wp-content\/plugins\/revslider\/public\/assets\/js\/\",\n\t\t\tsliderLayout:\"auto\",\n\t\t\tdottedOverlay:\"none\",\n\t\t\tdelay:9000,\n\t\t\tnavigation: {\n\t\t\t\tkeyboardNavigation:\"off\",\n\t\t\t\tkeyboard_direction: \"horizontal\",\n\t\t\t\tmouseScrollNavigation:\"off\",\n \t\t\t\t\t\t\tmouseScrollReverse:\"default\",\n\t\t\t\tonHoverStop:\"off\",\n\t\t\t\tbullets: {\n\t\t\t\t\tenable:true,\n\t\t\t\t\thide_onmobile:false,\n\t\t\t\t\tstyle:\"\",\n\t\t\t\t\thide_onleave:false,\n\t\t\t\t\tdirection:\"horizontal\",\n\t\t\t\t\th_align:\"center\",\n\t\t\t\t\tv_align:\"bottom\",\n\t\t\t\t\th_offset:0,\n\t\t\t\t\tv_offset:40,\n\t\t\t\t\tspace:20,\n\t\t\t\t\ttmp:'<span class=\"tp-bullet-image\"><\/span><span class=\"tp-bullet-title\"><\/span>'\n\t\t\t\t}\n\t\t\t},\n\t\t\tcarousel: {\n\t\t\t\thorizontal_align: \"center\",\n\t\t\t\tvertical_align: \"center\",\n\t\t\t\tfadeout: \"on\",\n\t\t\t\tvary_fade: \"off\",\n\t\t\t\tmaxVisibleItems: 3,\n\t\t\t\tinfinity: \"off\",\n\t\t\t\tspace: 0,\n\t\t\t\tstretch: \"off\",\n \t\t\t\t\t\t\tshowLayersAllTime: \"off\",\n \t\t\t\t\t\t\teasing: \"Power3.easeInOut\",\n \t\t\t\t\t\t\tspeed: \"800\"\n\t\t\t},\n\t\t\tvisibilityLevels:[1240,1024,778,480],\n\t\t\tgridwidth:825,\n\t\t\tgridheight:407,\n\t\t\tlazyType:\"none\",\n\t\t\tshadow:0,\n\t\t\tspinner:\"spinner0\",\n\t\t\tstopLoop:\"off\",\n\t\t\tstopAfterLoops:-1,\n\t\t\tstopAtSlide:-1,\n\t\t\tshuffle:\"off\",\n\t\t\tautoHeight:\"off\",\n\t\t\tdisableProgressBar:\"on\",\n\t\t\thideThumbsOnMobile:\"off\",\n\t\t\thideSliderAtLimit:0,\n\t\t\thideCaptionAtLimit:0,\n\t\t\thideAllCaptionAtLilmit:0,\n\t\t\tdebugMode:false,\n\t\t\tfallbacks: {\n\t\t\t\tsimplifyAll:\"off\",\n\t\t\t\tnextSlideOnWindowFocus:\"off\",\n\t\t\t\tdisableFocusListener:false,\n\t\t\t}\n\t\t});\n\t}; \/* END OF revapi call *\/\n\t\n }; \/* END OF ON LOAD FUNCTION *\/\r\n}()); \/* END OF WRAPPING FUNCTION *\/\r\n<\/script>\r\n\t\t<\/div><!-- END REVOLUTION SLIDER -->[\/vc_column][\/vc_row]<\/p>\n<\/div>","protected":false},"excerpt":{"rendered":"<p>[vc_row css=&#8221;.vc_custom_1690216033913{margin-bottom: 100px !important;}&#8221;][vc_column width=&#8221;2\/3&#8243; offset=&#8221;vc_col-lg-7 vc_col-md-9&#8243;][vc_separator][vc_column_text css=&#8221;.vc_custom_1690217387801{margin-top: 40px !important;}&#8221;] Nossa empresa &nbsp; O Hospital Santa L\u00facia foi inaugurado em 1966 e h\u00e1 45 anos \u00e9 dirigido pelo Dr. Eur\u00edpedes de Meneses e sua fam\u00edlia. Localizado na Pra\u00e7a Joaquim L\u00facio, em Campinas, desde sua funda\u00e7\u00e3o est\u00e1 situado em um dos locais mais tradicionais da cidade<\/p>\n","protected":false},"author":1,"featured_media":0,"parent":0,"menu_order":0,"comment_status":"closed","ping_status":"closed","template":"","meta":{"footnotes":""},"class_list":["post-9","page","type-page","status-publish","hentry"],"_links":{"self":[{"href":"https:\/\/hospitalsantaluciagoiania.atomdigital.virtuaserver.com.br\/index.php?rest_route=\/wp\/v2\/pages\/9","targetHints":{"allow":["GET"]}}],"collection":[{"href":"https:\/\/hospitalsantaluciagoiania.atomdigital.virtuaserver.com.br\/index.php?rest_route=\/wp\/v2\/pages"}],"about":[{"href":"https:\/\/hospitalsantaluciagoiania.atomdigital.virtuaserver.com.br\/index.php?rest_route=\/wp\/v2\/types\/page"}],"author":[{"embeddable":true,"href":"https:\/\/hospitalsantaluciagoiania.atomdigital.virtuaserver.com.br\/index.php?rest_route=\/wp\/v2\/users\/1"}],"replies":[{"embeddable":true,"href":"https:\/\/hospitalsantaluciagoiania.atomdigital.virtuaserver.com.br\/index.php?rest_route=%2Fwp%2Fv2%2Fcomments&post=9"}],"version-history":[{"count":25,"href":"https:\/\/hospitalsantaluciagoiania.atomdigital.virtuaserver.com.br\/index.php?rest_route=\/wp\/v2\/pages\/9\/revisions"}],"predecessor-version":[{"id":1481,"href":"https:\/\/hospitalsantaluciagoiania.atomdigital.virtuaserver.com.br\/index.php?rest_route=\/wp\/v2\/pages\/9\/revisions\/1481"}],"wp:attachment":[{"href":"https:\/\/hospitalsantaluciagoiania.atomdigital.virtuaserver.com.br\/index.php?rest_route=%2Fwp%2Fv2%2Fmedia&parent=9"}],"curies":[{"name":"wp","href":"https:\/\/api.w.org\/{rel}","templated":true}]}}